{"id":3,"date":"2023-05-16T10:51:49","date_gmt":"2023-05-16T13:51:49","guid":{"rendered":"https:\/\/catchingup.com.br\/?page_id=3"},"modified":"2023-06-24T17:46:23","modified_gmt":"2023-06-24T20:46:23","slug":"politica-de-privacidade","status":"publish","type":"page","link":"https:\/\/catchingup.com.br\/index.php\/politica-de-privacidade\/","title":{"rendered":"Pol\u00edtica de privacidade"},"content":{"rendered":"\n<p>N\u00f3s da CatchingUp reconhecemos a import\u00e2ncia fundamental da privacidade e estamos empenhados em proteger suas informa\u00e7\u00f5es pessoais. Agimos de acordo com a Lei Geral de Prote\u00e7\u00e3o de Dados Pessoais \u2013 LGPD, lei n\u00ba 13.709\/2018 e usamos os dados apenas para finalidades que s\u00e3o do conhecimento do titular.<\/p>\n\n\n\n<p>N\u00f3s recebemos, coletamos e gravamos as informa\u00e7\u00f5es que voc\u00ea adiciona em nosso site. Al\u00e9m disso, n\u00f3s coletamos o endere\u00e7o IP utilizado para conectar o seu computador \u00e0 Internet. Estes dados s\u00e3o coletados quando voc\u00ea acessa e\/ou realiza um envio de formul\u00e1rios por meio de nosso site. N\u00f3s coletamos as informa\u00e7\u00f5es pessoais a fim de que sejam utilizadas durante todo o per\u00edodo em que as mesmas forem pertinentes para a realiza\u00e7\u00e3o das seguintes a\u00e7\u00f5es:<\/p>\n\n\n\n<ul>\n<li>Relacionamento direto via chat, e-mail, telefone ou aplicativos chatbot.<\/li>\n\n\n\n<li>Composi\u00e7\u00e3o do banco de clientes e CRM da organiza\u00e7\u00e3o, mediante armazenamento permanente dos dados para comunica\u00e7\u00f5es e a\u00e7\u00f5es de car\u00e1ter informativo, comercial direto<\/li>\n\n\n\n<li>Respostas a d\u00favidas ou quest\u00f5es relacionadas aos interesses dos usu\u00e1rios durante o processo de relacionamento com a empresa.<\/li>\n<\/ul>\n\n\n\n<p>Coletamos essas Informa\u00e7\u00f5es Pessoais e N\u00e3o Pessoais mediante expresso consentimento e exclusivamente para as seguintes finalidades:<\/p>\n\n\n\n<ul>\n<li>Para prestar e operar os nossos Servi\u00e7os;<\/li>\n\n\n\n<li>Para prestar aos nossos usu\u00e1rios assist\u00eancia personalizada;<\/li>\n\n\n\n<li>Para contatar usu\u00e1rios com avisos gerais ou personalizados, relacionados aos nossos servi\u00e7os, tais como, mas n\u00e3o somente, mensagens promocionais;<\/li>\n\n\n\n<li>Para criar dados estat\u00edsticos agregados e outras informa\u00e7\u00f5es n\u00e3o pessoais agregadas e\/ou inferidas, que podem ser usadas por n\u00f3s para prestar e melhorar nossos respectivos servi\u00e7os;<\/li>\n\n\n\n<li>Para cumprir quaisquer leis e regulamentos aplic\u00e1veis.<\/li>\n<\/ul>\n\n\n\n<p>Para garantir a sua privacidade, tamb\u00e9m poderemos utilizar dados pessoais anonimizados (sem a identifica\u00e7\u00e3o individual) a fim de medir e coletar informa\u00e7\u00f5es de navega\u00e7\u00e3o em nosso site, incluindo o tempo de resposta das p\u00e1ginas, tempo total de visitas em determinadas p\u00e1ginas, informa\u00e7\u00f5es de intera\u00e7\u00e3o com p\u00e1gina e os m\u00e9todos utilizados para deixar a p\u00e1gina.<\/p>\n\n\n\n<p>N\u00f3s poderemos entrar em contato para pesquisas ou question\u00e1rios, para novidades sobre nossa empresa ou para qualquer outro motivo que seja vinculado ao nosso relacionamento online, sempre em conformidade com a legisla\u00e7\u00e3o vigente. Para isso, poderemos entrar em contato via e-mail, telefone, mensagens de texto e correio. Tamb\u00e9m poderemos entrar em contato para notific\u00e1-lo a respeito de informa\u00e7\u00f5es ligadas ao seu cadastro.<\/p>\n\n\n\n<p>Se voc\u00ea tiver quaisquer d\u00favidas sobre esta Pol\u00edtica de Privacidade, ou queira acessar, corrigir ou deletar qualquer informa\u00e7\u00e3o que tenhamos coletado sobre voc\u00ea ou, ainda, n\u00e3o queira a continuidade da coleta de suas informa\u00e7\u00f5es pessoais, por favor entre em contato atrav\u00e9s do e-mail: contato@catchingup.com.br. N\u00f3s estamos aptos a excluir permanentemente os seus dados pessoais, mediante sua solicita\u00e7\u00e3o expressa.<\/p>\n\n\n\n<p>Nosso site utiliza cookies essenciais para garantir a experi\u00eancia e seguran\u00e7a do usu\u00e1rio, bem como para identificar os seus membros registrados e analisar a opera\u00e7\u00e3o e desempenho do site.<\/p>\n\n\n\n<p>A presente Pol\u00edtica de Dados e Privacidade \u00e9 regida pela legisla\u00e7\u00e3o brasileira e vigora durante todo o per\u00edodo de sua disponibilidade online, podendo a qualquer momento ser atualizada, substitu\u00edda ou revogada.<\/p>\n","protected":false},"excerpt":{"rendered":"<p>N\u00f3s da CatchingUp reconhecemos a import\u00e2ncia fundamental da privacidade e estamos empenhados em proteger suas informa\u00e7\u00f5es pessoais. Agimos de acordo com a Lei Geral de Prote\u00e7\u00e3o de Dados Pessoais \u2013 LGPD, lei n\u00ba 13.709\/2018 e usamos os dados apenas para finalidades que s\u00e3o do conhecimento do titular. N\u00f3s recebemos, coletamos e gravamos as informa\u00e7\u00f5es que [&hellip;]<\/p>\n","protected":false},"author":1,"featured_media":0,"parent":0,"menu_order":0,"comment_status":"closed","ping_status":"closed","template":"","meta":{"_et_pb_use_builder":"","_et_pb_old_content":"","_et_gb_content_width":"1080"},"_links":{"self":[{"href":"https:\/\/catchingup.com.br\/index.php\/wp-json\/wp\/v2\/pages\/3"}],"collection":[{"href":"https:\/\/catchingup.com.br\/index.php\/wp-json\/wp\/v2\/pages"}],"about":[{"href":"https:\/\/catchingup.com.br\/index.php\/wp-json\/wp\/v2\/types\/page"}],"author":[{"embeddable":true,"href":"https:\/\/catchingup.com.br\/index.php\/wp-json\/wp\/v2\/users\/1"}],"replies":[{"embeddable":true,"href":"https:\/\/catchingup.com.br\/index.php\/wp-json\/wp\/v2\/comments?post=3"}],"version-history":[{"count":1,"href":"https:\/\/catchingup.com.br\/index.php\/wp-json\/wp\/v2\/pages\/3\/revisions"}],"predecessor-version":[{"id":201,"href":"https:\/\/catchingup.com.br\/index.php\/wp-json\/wp\/v2\/pages\/3\/revisions\/201"}],"wp:attachment":[{"href":"https:\/\/catchingup.com.br\/index.php\/wp-json\/wp\/v2\/media?parent=3"}],"curies":[{"name":"wp","href":"https:\/\/api.w.org\/{rel}","templated":true}]}}